{"id":89,"date":"2018-12-10T01:57:07","date_gmt":"2018-12-10T01:57:07","guid":{"rendered":"https:\/\/plafond-tendu-facile.fr\/fr\/?page_id=89"},"modified":"2019-01-29T00:07:38","modified_gmt":"2019-01-29T00:07:38","slug":"qui-sommes-nous","status":"publish","type":"page","link":"https:\/\/plafond-tendu-facile.fr\/fr\/qui-sommes-nous\/","title":{"rendered":"Qui sommes-nous ?"},"content":{"rendered":"\n<p>Qui sommes-nous ?&nbsp;<\/p>\n\n\n\n<p>Qui se cache derri\u00e8re le site <strong>Plafond-Tendu-Facile.fr<\/strong> ?<\/p>\n\n\n\n<p>Nous sommes la <strong>Groupe HAGUENIER<\/strong>, <strong>sp\u00e9cialiste du Plafond-Tendu depuis plus de 20 ans<\/strong>, nous sommes situ\u00e9s \u00e0 Champigny-sur-Marne (94) en Ile-de-France \u00e0 quelques minutes de Paris sur l&rsquo;A4 depuis Paris.<\/p>\n\n\n\n<p><strong>HAGUENIER<\/strong><br>65 Rue Jean Savu<br>94500 Champigny-sur-Marne<br>T\u00e9l\u00e9phone : <strong>01 48 82 05 38<\/strong><br>N\u00b0 de SIRET : 442 689 337<br>Quelques-uns de nos autres Sites Internet :<br><a rel=\"noreferrer noopener\" aria-label=\"https:\/\/haguenier.com (s\u2019ouvre dans un nouvel onglet)\" href=\"https:\/\/haguenier.com\" target=\"_blank\">https:\/\/haguenier.com<\/a> &#8211; <a href=\"https:\/\/plafond-tendu.com\" target=\"_blank\" rel=\"noreferrer noopener\" aria-label=\"https:\/\/plafond-tendu.com (s\u2019ouvre dans un nouvel onglet)\">https:\/\/plafond-tendu.com<\/a> <br><br><\/p>\n\n\n\n<figure><iframe loading=\"lazy\" src=\"https:\/\/www.google.com\/maps\/embed?pb=!1m14!1m8!1m3!1d99880.76618479275!2d2.4100172365154204!3d48.86456239165461!3m2!1i1024!2i768!4f13.1!3m3!1m2!1s0x0%3A0x8e24d4005d1ed2ab!2sHAGUENIER!5e0!3m2!1sfr!2sfr!4v1548719047617\" width=\"770\" height=\"450\" allowfullscreen=\"\" frameborder=\"0\"><\/iframe><\/figure>\n\n\n\n<p>Venez visiter notre ShowRoom, merci de prendre rendez-vous \u00e0 l&rsquo;avance par t\u00e9l\u00e9phone svp. au <strong>01 48 82 05 38<\/strong>. Nous sommes ouverts du Lundi au Vendredi de 09h00 \u00e0 13h00 et de 14h00 \u00e0 17h00.<\/p>\n\n\n\n<p>Pourquoi \u00ab\u00a0<strong>Plafond-Tendu-Facile.fr<\/strong>\u00a0\u00bb en compl\u00e9ment de nos autres sites ?Tout simplement parce que nous nous sommes  rendus compte que <strong>beaucoup de personnes ont entendues parler du Plafond Tendu, et souhaiteraient en poser un<\/strong> ou obtenir des informations, <strong>mais bien souvent les sites sont compliqu\u00e9s, car donnant parfois des informations trop techniques destin\u00e9es aux Architectes et Professionnels<\/strong> par exemple&#8230;<\/p>\n\n\n\n<p>Avec <strong>Plafond-Tendu-Facile.fr<\/strong>, nous avons voulu simplifier la d\u00e9marche au maximum&#8230; <strong>vous nous d\u00e9crivez votre projet<\/strong>, joignez \u00e9ventuellement une photo dans le formulaire de la pi\u00e8ce, <strong>et nous nous occupons de tout<\/strong>&#8230; nous vous recontactons afin de voir les diverses possibilit\u00e9s, contraintes et options, et vous conseillons au meilleur tarif selon vos besoins et envies.<\/p>\n\n\n\n<p><strong>Le devis plafond-tendu est gratuit et sans engagement, alors n&rsquo;h\u00e9sitez pas \u00e0 nous consulter<\/strong>, bien souvent r\u00e9aliser un plafond-tendu est plus rapide et moins cher que de faire des travaux classiques (enduit, peinture&#8230;).<br><strong>La pose ne dure gu\u00e8re plus qu&rsquo;une journ\u00e9e g\u00e9n\u00e9ralement, tout en offrant un rendu impeccable et imm\u00e9diat, une long\u00e9vit\u00e9 \u00e0 toute \u00e9preuve<\/strong> et la possibilit\u00e9 de nettoyer le plafond apr\u00e8s quelques ann\u00e9es afin de lui redonner sa couleur d&rsquo;origine si vous fumez beaucoup par exemple&#8230;<\/p>\n\n\n\n<p>Directeur de la Publication : M. Thierry HAGUENIER<br>R\u00e9alisation, H\u00e9bergement : RS-France.com \/ H\u00e9berg\u00e9 chez Online.net<\/p>\n","protected":false},"excerpt":{"rendered":"<p>Qui sommes-nous ?&nbsp; Qui se cache derri\u00e8re le site Plafond-Tendu-Facile.fr ? Nous sommes la Groupe HAGUENIER, sp\u00e9cialiste du Plafond-Tendu depuis plus de 20 ans, nous sommes situ\u00e9s \u00e0 Champigny-sur-Marne (94) en Ile-de-France \u00e0 quelques minutes de Paris sur l&rsquo;A4 depuis Paris. HAGUENIER65 Rue Jean Savu94500 Champigny-sur-MarneT\u00e9l\u00e9phone : 01 48 82 05 38N\u00b0 de SIRET : [&hellip;]<\/p>\n","protected":false},"author":1,"featured_media":0,"parent":0,"menu_order":0,"comment_status":"closed","ping_status":"closed","template":"pages\/right-sidebar.php","meta":[],"_links":{"self":[{"href":"https:\/\/plafond-tendu-facile.fr\/fr\/wp-json\/wp\/v2\/pages\/89"}],"collection":[{"href":"https:\/\/plafond-tendu-facile.fr\/fr\/wp-json\/wp\/v2\/pages"}],"about":[{"href":"https:\/\/plafond-tendu-facile.fr\/fr\/wp-json\/wp\/v2\/types\/page"}],"author":[{"embeddable":true,"href":"https:\/\/plafond-tendu-facile.fr\/fr\/wp-json\/wp\/v2\/users\/1"}],"replies":[{"embeddable":true,"href":"https:\/\/plafond-tendu-facile.fr\/fr\/wp-json\/wp\/v2\/comments?post=89"}],"version-history":[{"count":13,"href":"https:\/\/plafond-tendu-facile.fr\/fr\/wp-json\/wp\/v2\/pages\/89\/revisions"}],"predecessor-version":[{"id":397,"href":"https:\/\/plafond-tendu-facile.fr\/fr\/wp-json\/wp\/v2\/pages\/89\/revisions\/397"}],"wp:attachment":[{"href":"https:\/\/plafond-tendu-facile.fr\/fr\/wp-json\/wp\/v2\/media?parent=89"}],"curies":[{"name":"wp","href":"https:\/\/api.w.org\/{rel}","templated":true}]}}