{"id":56,"date":"2018-12-10T00:37:52","date_gmt":"2018-12-10T00:37:52","guid":{"rendered":"https:\/\/plafond-tendu-facile.fr\/fr\/?page_id=56"},"modified":"2019-01-28T23:39:58","modified_gmt":"2019-01-28T23:39:58","slug":"plafonds-tendus-pour-professionnels","status":"publish","type":"page","link":"https:\/\/plafond-tendu-facile.fr\/fr\/plafonds-tendus-pour-professionnels\/","title":{"rendered":"Plafonds Tendus pour Professionnels"},"content":{"rendered":"\n<p>Notre gamme de Plafonds Tendus \u00e0 destination des Professionnels.<\/p>\n\n\n\n<p>Sp\u00e9cialistes du Plafond Tendu \u00e0 destination des Professionnels, nous vous proposons toutes dimensions de plafond tendu, mati\u00e8res, couleurs, des plafonds lumineux, translucides, mats, satin\u00e9s, avec \u00e9clairage LED int\u00e9gr\u00e9&#8230;<\/p>\n\n\n\n<ul class=\"wp-block-gallery columns-1 is-cropped wp-block-gallery-1 is-layout-flex wp-block-gallery-is-layout-flex\"><li class=\"blocks-gallery-item\"><figure><img loading=\"lazy\" decoding=\"async\" width=\"1024\" height=\"640\" src=\"https:\/\/plafond-tendu-facile.fr\/fr\/wp-content\/uploads\/2018\/12\/plafond-tendu-facile-votre-plafond-tendu-professionnels-img-01-1024x640.jpg\" alt=\"Le Plafond Tendu d\u00e9di\u00e9 aux Entreprises et Commerces\" data-id=\"110\" data-link=\"https:\/\/plafond-tendu-facile.fr\/fr\/plafond-tendu-facile-votre-plafond-tendu-professionnels-img-01\/\" class=\"wp-image-110\" srcset=\"https:\/\/plafond-tendu-facile.fr\/fr\/wp-content\/uploads\/2018\/12\/plafond-tendu-facile-votre-plafond-tendu-professionnels-img-01-1024x640.jpg 1024w, https:\/\/plafond-tendu-facile.fr\/fr\/wp-content\/uploads\/2018\/12\/plafond-tendu-facile-votre-plafond-tendu-professionnels-img-01-300x188.jpg 300w, https:\/\/plafond-tendu-facile.fr\/fr\/wp-content\/uploads\/2018\/12\/plafond-tendu-facile-votre-plafond-tendu-professionnels-img-01-768x480.jpg 768w, https:\/\/plafond-tendu-facile.fr\/fr\/wp-content\/uploads\/2018\/12\/plafond-tendu-facile-votre-plafond-tendu-professionnels-img-01.jpg 1920w\" sizes=\"auto, (max-width: 1024px) 100vw, 1024px\" \/><figcaption>Plafonds Tendus pour Professionnels et Entreprises<\/figcaption><\/figure><\/li><\/ul>\n\n\n\n<p>Nous menons \u00e0 bien l&rsquo;int\u00e9gralit\u00e9 de la prestation, de A \u00e0 Z, et pouvons m\u00eame le cas \u00e9ch\u00e9ant vous accompagner sur la partie D\u00e9coration.<\/p>\n\n\n\n<p>Vous pouvez si vous le souhaitez prendre rendez-vous \u00e0 notre ShowRoom en IDF (94) afin de voir les diff\u00e9rents mod\u00e8les et possibilit\u00e9s.<\/p>\n\n\n\n<ul class=\"wp-block-gallery columns-3 is-cropped wp-block-gallery-2 is-layout-flex wp-block-gallery-is-layout-flex\"><li class=\"blocks-gallery-item\"><figure><img loading=\"lazy\" decoding=\"async\" width=\"682\" height=\"1024\" src=\"https:\/\/plafond-tendu-facile.fr\/fr\/wp-content\/uploads\/2019\/01\/IMG_5672_SMALL-682x1024.jpg\" alt=\"\" data-id=\"381\" data-link=\"https:\/\/plafond-tendu-facile.fr\/fr\/img_5672_small\/\" class=\"wp-image-381\" srcset=\"https:\/\/plafond-tendu-facile.fr\/fr\/wp-content\/uploads\/2019\/01\/IMG_5672_SMALL-682x1024.jpg 682w, https:\/\/plafond-tendu-facile.fr\/fr\/wp-content\/uploads\/2019\/01\/IMG_5672_SMALL-200x300.jpg 200w, https:\/\/plafond-tendu-facile.fr\/fr\/wp-content\/uploads\/2019\/01\/IMG_5672_SMALL-768x1152.jpg 768w, https:\/\/plafond-tendu-facile.fr\/fr\/wp-content\/uploads\/2019\/01\/IMG_5672_SMALL.jpg 819w\" sizes=\"auto, (max-width: 682px) 100vw, 682px\" \/><figcaption>Plafond Tendu Entreprise<\/figcaption><\/figure><\/li><li class=\"blocks-gallery-item\"><figure><img loading=\"lazy\" decoding=\"async\" width=\"682\" height=\"1024\" src=\"https:\/\/plafond-tendu-facile.fr\/fr\/wp-content\/uploads\/2019\/01\/IMG_5681_SMALL-682x1024.jpg\" alt=\"\" data-id=\"383\" data-link=\"https:\/\/plafond-tendu-facile.fr\/fr\/img_5681_small\/\" class=\"wp-image-383\" srcset=\"https:\/\/plafond-tendu-facile.fr\/fr\/wp-content\/uploads\/2019\/01\/IMG_5681_SMALL-682x1024.jpg 682w, https:\/\/plafond-tendu-facile.fr\/fr\/wp-content\/uploads\/2019\/01\/IMG_5681_SMALL-200x300.jpg 200w, https:\/\/plafond-tendu-facile.fr\/fr\/wp-content\/uploads\/2019\/01\/IMG_5681_SMALL-768x1152.jpg 768w, https:\/\/plafond-tendu-facile.fr\/fr\/wp-content\/uploads\/2019\/01\/IMG_5681_SMALL.jpg 819w\" sizes=\"auto, (max-width: 682px) 100vw, 682px\" \/><figcaption>Plafond Tendu Eteint<\/figcaption><\/figure><\/li><li class=\"blocks-gallery-item\"><figure><img loading=\"lazy\" decoding=\"async\" width=\"682\" height=\"1024\" src=\"https:\/\/plafond-tendu-facile.fr\/fr\/wp-content\/uploads\/2019\/01\/IMG_5682_SMALL-682x1024.jpg\" alt=\"\" data-id=\"380\" data-link=\"https:\/\/plafond-tendu-facile.fr\/fr\/img_5682_small\/\" class=\"wp-image-380\" srcset=\"https:\/\/plafond-tendu-facile.fr\/fr\/wp-content\/uploads\/2019\/01\/IMG_5682_SMALL-682x1024.jpg 682w, https:\/\/plafond-tendu-facile.fr\/fr\/wp-content\/uploads\/2019\/01\/IMG_5682_SMALL-200x300.jpg 200w, https:\/\/plafond-tendu-facile.fr\/fr\/wp-content\/uploads\/2019\/01\/IMG_5682_SMALL-768x1152.jpg 768w, https:\/\/plafond-tendu-facile.fr\/fr\/wp-content\/uploads\/2019\/01\/IMG_5682_SMALL.jpg 819w\" sizes=\"auto, (max-width: 682px) 100vw, 682px\" \/><figcaption>Plafond Tendu Allum\u00e9<\/figcaption><\/figure><\/li><\/ul>\n\n\n\n<p>Que vous soyez une petite, une moyenne ou grande entreprise, un magasin, un commerce, des bureaux, une grande surface&#8230; nous avons une expertise des plafonds tendus depuis plus de 20 ans et pouvons vous proposer toutes solutions sur des largeurs quasi infinies, avec des formes originales et des \u00e9clairages LED dynamiques, consultez-nous.<\/p>\n\n\n\n<p>Pour toute question, n\u2019h\u00e9sitez pas \u00e0 nous contacter, vous pouvez  \u00e9galement r\u00e9aliser un devis gratuit plafond tendu via le formulaire de  cette page, et ce 7j\/7 et 24h\/24. <\/p>\n","protected":false},"excerpt":{"rendered":"<p>Notre gamme de Plafonds Tendus \u00e0 destination des Professionnels. Sp\u00e9cialistes du Plafond Tendu \u00e0 destination des Professionnels, nous vous proposons toutes dimensions de plafond tendu, mati\u00e8res, couleurs, des plafonds lumineux, translucides, mats, satin\u00e9s, avec \u00e9clairage LED int\u00e9gr\u00e9&#8230; Nous menons \u00e0 bien l&rsquo;int\u00e9gralit\u00e9 de la prestation, de A \u00e0 Z, et pouvons m\u00eame le cas \u00e9ch\u00e9ant [&hellip;]<\/p>\n","protected":false},"author":1,"featured_media":110,"parent":0,"menu_order":0,"comment_status":"closed","ping_status":"closed","template":"pages\/right-sidebar.php","meta":{"footnotes":""},"class_list":["post-56","page","type-page","status-publish","has-post-thumbnail","hentry"],"_links":{"self":[{"href":"https:\/\/plafond-tendu-facile.fr\/fr\/wp-json\/wp\/v2\/pages\/56","targetHints":{"allow":["GET"]}}],"collection":[{"href":"https:\/\/plafond-tendu-facile.fr\/fr\/wp-json\/wp\/v2\/pages"}],"about":[{"href":"https:\/\/plafond-tendu-facile.fr\/fr\/wp-json\/wp\/v2\/types\/page"}],"author":[{"embeddable":true,"href":"https:\/\/plafond-tendu-facile.fr\/fr\/wp-json\/wp\/v2\/users\/1"}],"replies":[{"embeddable":true,"href":"https:\/\/plafond-tendu-facile.fr\/fr\/wp-json\/wp\/v2\/comments?post=56"}],"version-history":[{"count":9,"href":"https:\/\/plafond-tendu-facile.fr\/fr\/wp-json\/wp\/v2\/pages\/56\/revisions"}],"predecessor-version":[{"id":385,"href":"https:\/\/plafond-tendu-facile.fr\/fr\/wp-json\/wp\/v2\/pages\/56\/revisions\/385"}],"wp:featuredmedia":[{"embeddable":true,"href":"https:\/\/plafond-tendu-facile.fr\/fr\/wp-json\/wp\/v2\/media\/110"}],"wp:attachment":[{"href":"https:\/\/plafond-tendu-facile.fr\/fr\/wp-json\/wp\/v2\/media?parent=56"}],"curies":[{"name":"wp","href":"https:\/\/api.w.org\/{rel}","templated":true}]}}