{"id":54,"date":"2018-12-10T00:35:16","date_gmt":"2018-12-10T00:35:16","guid":{"rendered":"https:\/\/plafond-tendu-facile.fr\/fr\/?page_id=54"},"modified":"2019-01-28T23:25:03","modified_gmt":"2019-01-28T23:25:03","slug":"plafonds-tendus-pour-particuliers","status":"publish","type":"page","link":"https:\/\/plafond-tendu-facile.fr\/fr\/plafonds-tendus-pour-particuliers\/","title":{"rendered":"Plafonds Tendus pour Particuliers"},"content":{"rendered":"\n<p>Nos plafonds tendus <strong>a destination des particuliers<\/strong>.<\/p>\n\n\n\n<p>Quelle que soit la pi\u00e8ce de votre habitation <strong>maison <\/strong>ou <strong>appartement<\/strong>, nous avons le plafond tendu adapt\u00e9, de <strong>toutes largeurs<\/strong>, <strong>couleurs<\/strong>, <strong>styles<\/strong>, <strong>brillants<\/strong>, <strong>mats<\/strong>, <strong>translucides<\/strong>, <strong>lumineux<\/strong>&#8230;<\/p>\n\n\n\n<ul class=\"wp-block-gallery columns-2 is-cropped wp-block-gallery-1 is-layout-flex wp-block-gallery-is-layout-flex\"><li class=\"blocks-gallery-item\"><figure><img loading=\"lazy\" decoding=\"async\" width=\"960\" height=\"640\" src=\"https:\/\/plafond-tendu-facile.fr\/fr\/wp-content\/uploads\/2019\/01\/10171003_1440976096149823_4543891507186075426_n-1.jpg\" alt=\"\" data-id=\"349\" data-link=\"https:\/\/plafond-tendu-facile.fr\/fr\/plafonds-tendus-pour-particuliers\/10171003_1440976096149823_4543891507186075426_n-1\/\" class=\"wp-image-349\" srcset=\"https:\/\/plafond-tendu-facile.fr\/fr\/wp-content\/uploads\/2019\/01\/10171003_1440976096149823_4543891507186075426_n-1.jpg 960w, https:\/\/plafond-tendu-facile.fr\/fr\/wp-content\/uploads\/2019\/01\/10171003_1440976096149823_4543891507186075426_n-1-300x200.jpg 300w, https:\/\/plafond-tendu-facile.fr\/fr\/wp-content\/uploads\/2019\/01\/10171003_1440976096149823_4543891507186075426_n-1-768x512.jpg 768w\" sizes=\"auto, (max-width: 960px) 100vw, 960px\" \/><figcaption>Plafond Tendu Chambre<\/figcaption><\/figure><\/li><li class=\"blocks-gallery-item\"><figure><img loading=\"lazy\" decoding=\"async\" width=\"1024\" height=\"683\" src=\"https:\/\/plafond-tendu-facile.fr\/fr\/wp-content\/uploads\/2019\/01\/IMG_8278-1-Small-1024x683.jpg\" alt=\"\" data-id=\"351\" data-link=\"https:\/\/plafond-tendu-facile.fr\/fr\/plafonds-tendus-pour-particuliers\/img_8278-1-small\/\" class=\"wp-image-351\" srcset=\"https:\/\/plafond-tendu-facile.fr\/fr\/wp-content\/uploads\/2019\/01\/IMG_8278-1-Small-1024x683.jpg 1024w, https:\/\/plafond-tendu-facile.fr\/fr\/wp-content\/uploads\/2019\/01\/IMG_8278-1-Small-300x200.jpg 300w, https:\/\/plafond-tendu-facile.fr\/fr\/wp-content\/uploads\/2019\/01\/IMG_8278-1-Small-768x512.jpg 768w, https:\/\/plafond-tendu-facile.fr\/fr\/wp-content\/uploads\/2019\/01\/IMG_8278-1-Small.jpg 1920w\" sizes=\"auto, (max-width: 1024px) 100vw, 1024px\" \/><figcaption>Plafond Tendu Cuisine<\/figcaption><\/figure><\/li><\/ul>\n\n\n\n<p><strong>Nous sommes sp\u00e9cialis\u00e9s dans le Plafond Tendu depuis plus de 20 ans<\/strong>, et proposons aussi bien nos services \u00e0 destination des <strong>particuliers <\/strong>que des <strong>professionnels<\/strong>, <strong>architectes<\/strong>, <strong>d\u00e9corateurs<\/strong>&#8230;<\/p>\n\n\n\n<p>Nos \u00e9quipes sont sp\u00e9cialis\u00e9es dans la pose de plafonds tendus, <strong>faire le choix de nous confier votre plafond tendu, c&rsquo;est pour vous la garantie de la s\u00e9r\u00e9nit\u00e9, d&rsquo;une finition irr\u00e9prochable, d&rsquo;une garantie et d&rsquo;un SAV disponible<\/strong> et d&rsquo;une intervention rapide en cas de sinistre (d\u00e9g\u00e2t des eaux, accident, besoin de nettoyage de votre plafond tendu&#8230;).<\/p>\n\n\n\n<ul class=\"wp-block-gallery columns-2 is-cropped wp-block-gallery-2 is-layout-flex wp-block-gallery-is-layout-flex\"><li class=\"blocks-gallery-item\"><figure><img loading=\"lazy\" decoding=\"async\" width=\"598\" height=\"597\" src=\"https:\/\/plafond-tendu-facile.fr\/fr\/wp-content\/uploads\/2019\/01\/plafond_laque_sdb-1.png\" alt=\"\" data-id=\"365\" data-link=\"https:\/\/plafond-tendu-facile.fr\/fr\/plafonds-tendus-pour-particuliers\/plafond_laque_sdb-1\/\" class=\"wp-image-365\" srcset=\"https:\/\/plafond-tendu-facile.fr\/fr\/wp-content\/uploads\/2019\/01\/plafond_laque_sdb-1.png 598w, https:\/\/plafond-tendu-facile.fr\/fr\/wp-content\/uploads\/2019\/01\/plafond_laque_sdb-1-150x150.png 150w, https:\/\/plafond-tendu-facile.fr\/fr\/wp-content\/uploads\/2019\/01\/plafond_laque_sdb-1-300x300.png 300w\" sizes=\"auto, (max-width: 598px) 100vw, 598px\" \/><figcaption>Plafond Tendu SDB<\/figcaption><\/figure><\/li><li class=\"blocks-gallery-item\"><figure><img loading=\"lazy\" decoding=\"async\" width=\"481\" height=\"601\" src=\"https:\/\/plafond-tendu-facile.fr\/fr\/wp-content\/uploads\/2019\/01\/plafond_laque_chambre_particulier-1.png\" alt=\"\" data-id=\"366\" data-link=\"https:\/\/plafond-tendu-facile.fr\/fr\/plafonds-tendus-pour-particuliers\/plafond_laque_chambre_particulier-1\/\" class=\"wp-image-366\" srcset=\"https:\/\/plafond-tendu-facile.fr\/fr\/wp-content\/uploads\/2019\/01\/plafond_laque_chambre_particulier-1.png 481w, https:\/\/plafond-tendu-facile.fr\/fr\/wp-content\/uploads\/2019\/01\/plafond_laque_chambre_particulier-1-240x300.png 240w\" sizes=\"auto, (max-width: 481px) 100vw, 481px\" \/><figcaption>Plafond Tendu Chambre<\/figcaption><\/figure><\/li><\/ul>\n\n\n\n<ul class=\"wp-block-gallery columns-1 is-cropped wp-block-gallery-3 is-layout-flex wp-block-gallery-is-layout-flex\"><li class=\"blocks-gallery-item\"><figure><img loading=\"lazy\" decoding=\"async\" width=\"1024\" height=\"683\" src=\"https:\/\/plafond-tendu-facile.fr\/fr\/wp-content\/uploads\/2019\/01\/IMG_8280-1-Small-1024x683.jpg\" alt=\"\" data-id=\"367\" data-link=\"https:\/\/plafond-tendu-facile.fr\/fr\/plafonds-tendus-pour-particuliers\/img_8280-1-small\/\" class=\"wp-image-367\" srcset=\"https:\/\/plafond-tendu-facile.fr\/fr\/wp-content\/uploads\/2019\/01\/IMG_8280-1-Small-1024x683.jpg 1024w, https:\/\/plafond-tendu-facile.fr\/fr\/wp-content\/uploads\/2019\/01\/IMG_8280-1-Small-300x200.jpg 300w, https:\/\/plafond-tendu-facile.fr\/fr\/wp-content\/uploads\/2019\/01\/IMG_8280-1-Small-768x512.jpg 768w, https:\/\/plafond-tendu-facile.fr\/fr\/wp-content\/uploads\/2019\/01\/IMG_8280-1-Small.jpg 1920w\" sizes=\"auto, (max-width: 1024px) 100vw, 1024px\" \/><figcaption>Plafond Tendu Couloir<\/figcaption><\/figure><\/li><\/ul>\n\n\n\n<p>Au cours des ann\u00e9es, <strong>nous avons r\u00e9alis\u00e9 des milliers de plafonds tendus en IDF<\/strong>, mais pas seulement, nous avons \u00e9galement r\u00e9alis\u00e9 de nombreux projets un peu <strong>partout en France<\/strong>, en <strong>Europe<\/strong>, mais \u00e9galement dans des lieux prestigieux <strong>\u00e0 travers le monde<\/strong>, <em><strong>des USA au Japon<\/strong><\/em>.<\/p>\n\n\n\n<p>Notre force, en plus de l&rsquo;activit\u00e9 de Plafonds Tendus, est de vous proposer tout un accompagnement et la gestion de A \u00e0 Z (si besoin de l&rsquo;int\u00e9gralit\u00e9 de votre projet de d\u00e9coration, murs tendus, toile tendue&#8230;). Pour toute question, n&rsquo;h\u00e9sitez pas \u00e0 nous contacter, vous pouvez \u00e9galement r\u00e9aliser un devis gratuit plafond tendu via le formulaire de cette page, et ce 7j\/7 et 24h\/24.<\/p>\n","protected":false},"excerpt":{"rendered":"<p>Nos plafonds tendus a destination des particuliers. Quelle que soit la pi\u00e8ce de votre habitation maison ou appartement, nous avons le plafond tendu adapt\u00e9, de toutes largeurs, couleurs, styles, brillants, mats, translucides, lumineux&#8230; Nous sommes sp\u00e9cialis\u00e9s dans le Plafond Tendu depuis plus de 20 ans, et proposons aussi bien nos services \u00e0 destination des particuliers [&hellip;]<\/p>\n","protected":false},"author":1,"featured_media":109,"parent":0,"menu_order":0,"comment_status":"closed","ping_status":"closed","template":"pages\/right-sidebar.php","meta":{"footnotes":""},"class_list":["post-54","page","type-page","status-publish","has-post-thumbnail","hentry"],"_links":{"self":[{"href":"https:\/\/plafond-tendu-facile.fr\/fr\/wp-json\/wp\/v2\/pages\/54","targetHints":{"allow":["GET"]}}],"collection":[{"href":"https:\/\/plafond-tendu-facile.fr\/fr\/wp-json\/wp\/v2\/pages"}],"about":[{"href":"https:\/\/plafond-tendu-facile.fr\/fr\/wp-json\/wp\/v2\/types\/page"}],"author":[{"embeddable":true,"href":"https:\/\/plafond-tendu-facile.fr\/fr\/wp-json\/wp\/v2\/users\/1"}],"replies":[{"embeddable":true,"href":"https:\/\/plafond-tendu-facile.fr\/fr\/wp-json\/wp\/v2\/comments?post=54"}],"version-history":[{"count":19,"href":"https:\/\/plafond-tendu-facile.fr\/fr\/wp-json\/wp\/v2\/pages\/54\/revisions"}],"predecessor-version":[{"id":375,"href":"https:\/\/plafond-tendu-facile.fr\/fr\/wp-json\/wp\/v2\/pages\/54\/revisions\/375"}],"wp:featuredmedia":[{"embeddable":true,"href":"https:\/\/plafond-tendu-facile.fr\/fr\/wp-json\/wp\/v2\/media\/109"}],"wp:attachment":[{"href":"https:\/\/plafond-tendu-facile.fr\/fr\/wp-json\/wp\/v2\/media?parent=54"}],"curies":[{"name":"wp","href":"https:\/\/api.w.org\/{rel}","templated":true}]}}